{"id":805,"date":"2021-07-20T14:32:39","date_gmt":"2021-07-20T14:32:39","guid":{"rendered":"https:\/\/quintasaogiao.pt\/?page_id=805"},"modified":"2021-07-21T11:38:53","modified_gmt":"2021-07-21T11:38:53","slug":"about-us","status":"publish","type":"page","link":"https:\/\/quintasaogiao.pt\/en\/about-us\/","title":{"rendered":"About Us"},"content":{"rendered":"<section class=\"wpb-content-wrapper\"><p>[vc_section full_width=&#8221;stretch_row&#8221; content_placement=&#8221;middle&#8221; mobile_bg_img_hidden=&#8221;no&#8221; tablet_bg_img_hidden=&#8221;no&#8221; woodmart_parallax=&#8221;0&#8243; woodmart_gradient_switch=&#8221;no&#8221; woodmart_disable_overflow=&#8221;0&#8243; el_class=&#8221;section-hero&#8221;][vc_row full_width=&#8221;stretch_row&#8221; full_height=&#8221;yes&#8221; content_placement=&#8221;middle&#8221; css_animation=&#8221;none&#8221; css=&#8221;.vc_custom_1621853509830{background-image: url(https:\/\/quintasaogiao.pt\/wp-content\/uploads\/2021\/03\/novo_slide-2.jpg?id=558) !important;background-position: center !important;background-repeat: no-repeat !important;background-size: cover !important;}&#8221; mobile_bg_img_hidden=&#8221;no&#8221; tablet_bg_img_hidden=&#8221;no&#8221; woodmart_parallax=&#8221;0&#8243; woodmart_gradient_switch=&#8221;no&#8221; row_reverse_mobile=&#8221;0&#8243; row_reverse_tablet=&#8221;0&#8243; woodmart_disable_overflow=&#8221;0&#8243;][vc_column]\n\t\t<div id=\"wd-60f6dac9d1811\" class=\"title-wrapper wd-wpb set-mb-s reset-last-child  wd-rs-60f6dac9d1811 wd-title-color-default wd-title-style-default text-center  wd-underline-colored\">\n\t\t\t\t\t\t\t<div class=\"title-subtitle  subtitle-color-default font-default subtitle-style-default wd-font-weight- wd-fontsize-xs\">Passion passed from generation to generation<\/div>\n\t\t\t\n\t\t\t<div class=\"liner-continer\">\n\t\t\t\t<h4 class=\"woodmart-title-container title  wd-font-weight-400 wd-fontsize-l\" >About Us<\/h4>\n\t\t\t\t\t\t\t<\/div>\n\t\t\t\n\t\t\t\n\t\t\t\n\t\t<\/div>\n\t\t\n\t\t[\/vc_column][\/vc_row][\/vc_section][vc_section full_height=&#8221;yes&#8221; mobile_bg_img_hidden=&#8221;no&#8221; tablet_bg_img_hidden=&#8221;no&#8221; woodmart_parallax=&#8221;0&#8243; woodmart_gradient_switch=&#8221;no&#8221; woodmart_disable_overflow=&#8221;0&#8243; el_class=&#8221;section-who-are-you&#8221;][vc_row content_placement=&#8221;middle&#8221; mobile_bg_img_hidden=&#8221;no&#8221; tablet_bg_img_hidden=&#8221;no&#8221; woodmart_parallax=&#8221;0&#8243; woodmart_gradient_switch=&#8221;no&#8221; row_reverse_mobile=&#8221;0&#8243; row_reverse_tablet=&#8221;0&#8243; woodmart_disable_overflow=&#8221;0&#8243;][vc_column width=&#8221;1\/6&#8243;][\/vc_column][vc_column css_animation=&#8221;wd-slide-from-top&#8221; width=&#8221;2\/3&#8243; mobile_bg_img_hidden=&#8221;no&#8221; tablet_bg_img_hidden=&#8221;no&#8221; woodmart_parallax=&#8221;0&#8243; woodmart_sticky_column=&#8221;false&#8221; parallax_scroll=&#8221;no&#8221; mobile_reset_margin=&#8221;no&#8221; tablet_reset_margin=&#8221;no&#8221;]\n\t\t<div id=\"wd-60f6db2c19229\" class=\"title-wrapper wd-wpb set-mb-s reset-last-child  wd-rs-60f6db2c19229 wd-title-color-default wd-title-style-default text-center wd-off-anim wpb_animate_when_almost_visible wpb_wd-slide-from-top wd-slide-from-top wd-anim-name_wd-slide-from-top presentation-wrapper  wd-underline-colored\">\n\t\t\t\n\t\t\t<div class=\"liner-continer\">\n\t\t\t\t<h4 class=\"woodmart-title-container title  wd-font-weight-400 wd-fontsize-l\" >Total dedication to vineyards and wine<\/h4>\n\t\t\t\t\t\t\t<\/div>\n\t\t\t\n\t\t\t\t\t\t\t<div class=\"title-after_title  set-cont-mb-s reset-last-child  wd-fontsize-xs\">Quinta S\u00e3o Gi\u00e3o is a family estate located in the municipality of Guimar\u00e3es. The Almeida Freitas family has been a producer\/bottler since 1972 and its connection to the production of vinho verde and to the vineyards care is one of the pillars of our activity. Our wines are produced with our own grapes, in an integrated production system, from 32 hectares of vineyards plus 8 hectares of recently planted new vines.<\/div>\n\t\t\t\n\t\t\t\n\t\t<\/div>\n\t\t\n\t\t[\/vc_column][vc_column width=&#8221;1\/6&#8243;][\/vc_column][\/vc_row][vc_row][vc_column width=&#8221;1\/6&#8243;][\/vc_column][vc_column css_animation=&#8221;fadeIn&#8221; width=&#8221;2\/3&#8243; mobile_bg_img_hidden=&#8221;no&#8221; tablet_bg_img_hidden=&#8221;no&#8221; woodmart_parallax=&#8221;0&#8243; woodmart_sticky_column=&#8221;false&#8221; parallax_scroll=&#8221;no&#8221; mobile_reset_margin=&#8221;no&#8221; tablet_reset_margin=&#8221;no&#8221;][vc_single_image image=&#8221;71&#8243; alignment=&#8221;center&#8221; css_animation=&#8221;fadeIn&#8221; el_class=&#8221;presentation-image-right&#8221; parallax_scroll=&#8221;no&#8221;][\/vc_column][vc_column width=&#8221;1\/6&#8243;][\/vc_column][\/vc_row][vc_row][vc_column width=&#8221;1\/6&#8243;][\/vc_column][vc_column css_animation=&#8221;zoomIn&#8221; width=&#8221;2\/3&#8243; mobile_bg_img_hidden=&#8221;no&#8221; tablet_bg_img_hidden=&#8221;no&#8221; woodmart_parallax=&#8221;0&#8243; woodmart_sticky_column=&#8221;false&#8221; parallax_scroll=&#8221;no&#8221; mobile_reset_margin=&#8221;no&#8221; tablet_reset_margin=&#8221;no&#8221;]\t\t<div id=\"gallery_401\" class=\"wd-images-gallery wd-justify-center wd-items-middle view-carousel wd-off-anim wpb_animate_when_almost_visible wpb_zoomIn zoomIn wd-anim-name_zoomIn photoswipe-images wd-carousel-spacing-0 wd-carousel-container\" data-owl-carousel data-wrap=\"yes\" data-autoplay=\"yes\" data-hide_pagination_control=\"no\" data-hide_prev_next_buttons=\"no\" data-scroll_per_page=\"no\" data-center_mode=\"yes\" data-desktop=\"1\" data-tablet=\"1\" data-tablet_landscape=\"1\" data-mobile=\"1\">\n\t\t\t<div class=\"gallery-images owl-carousel owl-items-lg-1 owl-items-md-1 owl-items-sm-1 owl-items-xs-1\">\n\t\t\t\t\t\t\t\t\t\t\t\t\t\t\t<div class=\"wd-gallery-item\">\n\t\t\t\t\t\t\t\t\t\t\t\t\t\t<a href=\"https:\/\/quintasaogiao.pt\/wp-content\/uploads\/2021\/06\/quem_nova-min.jpg\" data-elementor-open-lightbox=\"no\" data-index=\"1\" data-width=\"1280\" data-height=\"920\"  >\n\t\t\t\t\t\t\t\t\n\t\t\t\t\t\t\t\t\t\t\t\t\t\t\t\t\t<img loading=\"lazy\" decoding=\"async\" class=\"wd-gallery-image image-1 \" src=\"https:\/\/quintasaogiao.pt\/wp-content\/uploads\/2021\/06\/quem_nova-min.jpg\" width=\"1280\" height=\"920\" alt=\"quem_nova-min\" title=\"quem_nova-min\" \/>\t\t\t\t\t\t\t\t\n\n\t\t\t\t\t\t\t\t\t\t\t\t\t\t\t<\/a>\n\t\t\t\t\t\t\t\t\t\t\t\t<\/div>\n\t\t\t\t\t\t\t\t\t\t\t<div class=\"wd-gallery-item\">\n\t\t\t\t\t\t\t\t\t\t\t\t\t\t<a href=\"https:\/\/quintasaogiao.pt\/wp-content\/uploads\/2021\/05\/foto4-min.jpg\" data-elementor-open-lightbox=\"no\" data-index=\"2\" data-width=\"1280\" data-height=\"920\"  >\n\t\t\t\t\t\t\t\t\n\t\t\t\t\t\t\t\t\t\t\t\t\t\t\t\t\t<img loading=\"lazy\" decoding=\"async\" class=\"wd-gallery-image image-2 \" src=\"https:\/\/quintasaogiao.pt\/wp-content\/uploads\/2021\/05\/foto4-min.jpg\" width=\"1280\" height=\"920\" alt=\"foto4-min\" title=\"foto4-min\" \/>\t\t\t\t\t\t\t\t\n\n\t\t\t\t\t\t\t\t\t\t\t\t\t\t\t<\/a>\n\t\t\t\t\t\t\t\t\t\t\t\t<\/div>\n\t\t\t\t\t\t\t\t\t\t\t\t<\/div>\n\t\t<\/div>\n\t\t\t\t[\/vc_column][vc_column width=&#8221;1\/6&#8243;][\/vc_column][\/vc_row][\/vc_section][vc_section full_width=&#8221;stretch_row&#8221; full_height=&#8221;yes&#8221; content_placement=&#8221;middle&#8221; mobile_bg_img_hidden=&#8221;no&#8221; tablet_bg_img_hidden=&#8221;no&#8221; woodmart_parallax=&#8221;0&#8243; woodmart_gradient_switch=&#8221;no&#8221; woodmart_disable_overflow=&#8221;0&#8243; css=&#8221;.vc_custom_1614352624769{background-color: #867d61 !important;}&#8221;][vc_row el_class=&#8221;section-middle-bg&#8221; mobile_bg_img_hidden=&#8221;no&#8221; tablet_bg_img_hidden=&#8221;no&#8221; woodmart_parallax=&#8221;0&#8243; woodmart_gradient_switch=&#8221;no&#8221; row_reverse_mobile=&#8221;0&#8243; row_reverse_tablet=&#8221;0&#8243; woodmart_disable_overflow=&#8221;0&#8243;][vc_column][vc_row_inner][vc_column_inner width=&#8221;2\/3&#8243;]\n\t\t<div id=\"wd-60f6dd2f13355\" class=\"title-wrapper wd-wpb set-mb-s reset-last-child  wd-rs-60f6dd2f13355 wd-title-color-default wd-title-style-default text-left wd-off-anim wpb_animate_when_almost_visible wpb_wd-slide-from-left wd-slide-from-left wd-anim-name_wd-slide-from-left presentation-wrapper  wd-underline-colored\">\n\t\t\t\n\t\t\t<div class=\"liner-continer\">\n\t\t\t\t<h4 class=\"woodmart-title-container title  wd-font-weight-400 wd-fontsize-l\" >Focus on producing the best wines<\/h4>\n\t\t\t\t\t\t\t<\/div>\n\t\t\t\n\t\t\t\t\t\t\t<div class=\"title-after_title  set-cont-mb-s reset-last-child  wd-fontsize-xs\">Since the beginning of the project and driven by his enthusiasm and passion for wine production, our founder Comendador Joaquim Almeida Freitas has fostered the Quinta S\u00e3o Gi\u00e3o brand, having over the years invested much of this passion in creating new vineyards ir order to produce high quality nectars in the future.<\/div>\n\t\t\t\n\t\t\t\n\t\t<\/div>\n\t\t\n\t\t[\/vc_column_inner][vc_column_inner width=&#8221;1\/3&#8243;][vc_single_image image=&#8221;278&#8243; alignment=&#8221;right&#8221; css_animation=&#8221;fadeIn&#8221; el_class=&#8221;news-image-right&#8221; parallax_scroll=&#8221;no&#8221;][\/vc_column_inner][\/vc_row_inner][vc_row_inner el_class=&#8221;section-who-are-you-bg&#8221; row_reverse_mobile=&#8221;0&#8243; row_reverse_tablet=&#8221;0&#8243;][vc_column_inner width=&#8221;1\/2&#8243;]\n\t\t<div id=\"wd-60f806dd1496a\" class=\"title-wrapper wd-wpb set-mb-s reset-last-child  wd-rs-60f806dd1496a wd-title-color-default wd-title-style-default text-left wd-off-anim wpb_animate_when_almost_visible wpb_wd-slide-from-left wd-slide-from-left wd-anim-name_wd-slide-from-left presentation-wrapper  wd-underline-colored\">\n\t\t\t\n\t\t\t<div class=\"liner-continer\">\n\t\t\t\t<h4 class=\"woodmart-title-container title  wd-font-weight-400 wd-fontsize-l\" >Innovate keeping authenticity<\/h4>\n\t\t\t\t\t\t\t<\/div>\n\t\t\t\n\t\t\t\t\t\t\t<div class=\"title-after_title  set-cont-mb-s reset-last-child  wd-fontsize-xs\">In the 1990s, his son Pedro Almeida, sharing the same passion as his father, continued the work he created. From that moment on, he bet on new technologies, advised by experienced and qualified technicians, both in the viticulture and winemaking fields, a key factor in the new times and in the new markets that were beginning to emerge.<\/div>\n\t\t\t\n\t\t\t\n\t\t<\/div>\n\t\t\n\t\t[\/vc_column_inner][vc_column_inner width=&#8221;1\/2&#8243;][vc_single_image image=&#8221;444&#8243; img_size=&#8221;447&#215;693&#8243; css_animation=&#8221;wd-slide-from-right&#8221; parallax_scroll=&#8221;no&#8221;][\/vc_column_inner][\/vc_row_inner][vc_row_inner][vc_column_inner][vc_single_image image=&#8221;276&#8243; alignment=&#8221;center&#8221; css_animation=&#8221;fadeIn&#8221; el_class=&#8221;news-image-right&#8221; parallax_scroll=&#8221;no&#8221;][\/vc_column_inner][\/vc_row_inner][\/vc_column][\/vc_row][\/vc_section][vc_section full_width=&#8221;stretch_row&#8221; full_height=&#8221;yes&#8221; css_animation=&#8221;fadeIn&#8221; el_class=&#8221;section-full-width&#8221; css=&#8221;.vc_custom_1617629734106{background-image: url(https:\/\/quintasaogiao.pt\/wp-content\/uploads\/2021\/03\/quem_nova-min.jpg?id=440) !important;background-position: center !important;background-repeat: no-repeat !important;background-size: cover !important;}&#8221; mobile_bg_img_hidden=&#8221;no&#8221; tablet_bg_img_hidden=&#8221;no&#8221; woodmart_parallax=&#8221;0&#8243; woodmart_gradient_switch=&#8221;no&#8221; woodmart_disable_overflow=&#8221;0&#8243;][\/vc_section][vc_section el_class=&#8221;section-who-are-you&#8221; mobile_bg_img_hidden=&#8221;no&#8221; tablet_bg_img_hidden=&#8221;no&#8221; woodmart_parallax=&#8221;0&#8243; woodmart_gradient_switch=&#8221;no&#8221; woodmart_disable_overflow=&#8221;0&#8243;][vc_row][vc_column width=&#8221;1\/6&#8243;][\/vc_column][vc_column width=&#8221;2\/3&#8243;]\n\t\t<div id=\"wd-60f6dde996c98\" class=\"title-wrapper wd-wpb set-mb-s reset-last-child  wd-rs-60f6dde996c98 wd-title-color-default wd-title-style-default text-center wd-off-anim wpb_animate_when_almost_visible wpb_wd-slide-from-top wd-slide-from-top wd-anim-name_wd-slide-from-top presentation-wrapper  wd-underline-colored\">\n\t\t\t\n\t\t\t<div class=\"liner-continer\">\n\t\t\t\t<h4 class=\"woodmart-title-container title  wd-font-weight-400 wd-fontsize-l\" >A legacy that projects into the future<\/h4>\n\t\t\t\t\t\t\t<\/div>\n\t\t\t\n\t\t\t\t\t\t\t<div class=\"title-after_title  set-cont-mb-s reset-last-child  wd-fontsize-xs\">Quinta S\u00e3o Gi\u00e3o underwent a rebranding recently. The connection to art expressed in our labels serves as an inspiration for the production of quality vinhos verdes, with elegance and simplicity being highly praised for the artistic interpretation of the soil, the vineyard and the commitment to excellence. The legacy of the work initiated by Comendador Joaquim Almeida Freitas is assured and we\u2019re creating a unique architectural project in the region with a new winery and visitor center.<\/div>\n\t\t\t\n\t\t\t\n\t\t<\/div>\n\t\t\n\t\t[\/vc_column][vc_column width=&#8221;1\/6&#8243;][\/vc_column][\/vc_row][vc_row][vc_column width=&#8221;1\/6&#8243;][\/vc_column][vc_column width=&#8221;2\/3&#8243;][vc_single_image image=&#8221;71&#8243; alignment=&#8221;center&#8221; css_animation=&#8221;fadeIn&#8221; el_class=&#8221;presentation-image-right&#8221; parallax_scroll=&#8221;no&#8221;][\/vc_column][vc_column width=&#8221;1\/6&#8243;][\/vc_column][\/vc_row][vc_row][vc_column width=&#8221;1\/6&#8243;][\/vc_column][vc_column width=&#8221;2\/3&#8243;]\t\t<div id=\"gallery_732\" class=\"wd-images-gallery wd-justify-center wd-items-middle view-carousel wd-off-anim wpb_animate_when_almost_visible wpb_zoomIn zoomIn wd-anim-name_zoomIn photoswipe-images wd-carousel-spacing-0 wd-carousel-container\" data-owl-carousel data-wrap=\"yes\" data-autoplay=\"yes\" data-hide_pagination_control=\"no\" data-hide_prev_next_buttons=\"no\" data-scroll_per_page=\"no\" data-center_mode=\"yes\" data-desktop=\"1\" data-tablet=\"1\" data-tablet_landscape=\"1\" data-mobile=\"1\">\n\t\t\t<div class=\"gallery-images owl-carousel owl-items-lg-1 owl-items-md-1 owl-items-sm-1 owl-items-xs-1\">\n\t\t\t\t\t\t\t\t\t\t\t\t\t\t\t<div class=\"wd-gallery-item\">\n\t\t\t\t\t\t\t\t\t\t\t\t\t\t<a href=\"https:\/\/quintasaogiao.pt\/wp-content\/uploads\/2021\/03\/quem3-min.jpg\" data-elementor-open-lightbox=\"no\" data-index=\"1\" data-width=\"1280\" data-height=\"920\"  >\n\t\t\t\t\t\t\t\t\n\t\t\t\t\t\t\t\t\t\t\t\t\t\t\t\t\t<img loading=\"lazy\" decoding=\"async\" class=\"wd-gallery-image image-1 \" src=\"https:\/\/quintasaogiao.pt\/wp-content\/uploads\/2021\/03\/quem3-min.jpg\" width=\"1280\" height=\"920\" alt=\"quem3-min\" title=\"quem3-min\" \/>\t\t\t\t\t\t\t\t\n\n\t\t\t\t\t\t\t\t\t\t\t\t\t\t\t<\/a>\n\t\t\t\t\t\t\t\t\t\t\t\t<\/div>\n\t\t\t\t\t\t\t\t\t\t\t<div class=\"wd-gallery-item\">\n\t\t\t\t\t\t\t\t\t\t\t\t\t\t<a href=\"https:\/\/quintasaogiao.pt\/wp-content\/uploads\/2021\/03\/terroir_small-min.jpg\" data-elementor-open-lightbox=\"no\" data-index=\"2\" data-width=\"1280\" data-height=\"920\"  >\n\t\t\t\t\t\t\t\t\n\t\t\t\t\t\t\t\t\t\t\t\t\t\t\t\t\t<img loading=\"lazy\" decoding=\"async\" class=\"wd-gallery-image image-2 \" src=\"https:\/\/quintasaogiao.pt\/wp-content\/uploads\/2021\/03\/terroir_small-min.jpg\" width=\"1280\" height=\"920\" alt=\"terroir_small-min\" title=\"terroir_small-min\" \/>\t\t\t\t\t\t\t\t\n\n\t\t\t\t\t\t\t\t\t\t\t\t\t\t\t<\/a>\n\t\t\t\t\t\t\t\t\t\t\t\t<\/div>\n\t\t\t\t\t\t\t\t\t\t\t\t<\/div>\n\t\t<\/div>\n\t\t\t\t[\/vc_column][vc_column width=&#8221;1\/6&#8243;][\/vc_column][\/vc_row][\/vc_section][vc_section full_width=&#8221;stretch_row&#8221; full_height=&#8221;yes&#8221; css_animation=&#8221;fadeIn&#8221; css=&#8221;.vc_custom_1622129008240{padding-bottom: 0px !important;background-image: url(https:\/\/quintasaogiao.pt\/wp-content\/uploads\/2021\/05\/home_full-min.jpg?id=651) !important;background-position: center !important;background-repeat: no-repeat !important;background-size: cover !important;}&#8221; mobile_bg_img_hidden=&#8221;no&#8221; tablet_bg_img_hidden=&#8221;no&#8221; woodmart_parallax=&#8221;0&#8243; woodmart_gradient_switch=&#8221;no&#8221; woodmart_disable_overflow=&#8221;0&#8243; el_class=&#8221;section-full-width-bottom&#8221;][\/vc_section]<\/p>\n<\/section>","protected":false},"excerpt":{"rendered":"<p>[vc_section full_width=&#8221;stretch_row&#8221; content_placement=&#8221;middle&#8221; mobile_bg_img_hidden=&#8221;no&#8221; tablet_bg_img_hidden=&#8221;no&#8221; woodmart_parallax=&#8221;0&#8243; woodmart_gradient_switch=&#8221;no&#8221; woodmart_disable_overflow=&#8221;0&#8243; el_class=&#8221;section-hero&#8221;][vc_row full_width=&#8221;stretch_row&#8221; full_height=&#8221;yes&#8221; content_placement=&#8221;middle&#8221; css_animation=&#8221;none&#8221; css=&#8221;.vc_custom_1621853509830{background-image: url(https:\/\/quintasaogiao.pt\/wp-content\/uploads\/2021\/03\/novo_slide-2.jpg?id=558) !important;background-position: center !important;background-repeat: no-repeat !important;background-size:<\/p>\n","protected":false},"author":2,"featured_media":0,"parent":0,"menu_order":0,"comment_status":"closed","ping_status":"closed","template":"","meta":{"footnotes":""},"class_list":["post-805","page","type-page","status-publish","hentry"],"yoast_head":"<!-- This site is optimized with the Yoast SEO plugin v19.10 - https:\/\/yoast.com\/wordpress\/plugins\/seo\/ -->\n<title>About Us - Quinta S\u00e3o Gi\u00e3o - Vinhos Verdes<\/title>\n<meta name=\"robots\" content=\"index, follow, max-snippet:-1, max-image-preview:large, max-video-preview:-1\" \/>\n<link rel=\"canonical\" href=\"https:\/\/quintasaogiao.pt\/en\/about-us\/\" \/>\n<meta property=\"og:locale\" content=\"en_US\" \/>\n<meta property=\"og:type\" content=\"article\" \/>\n<meta property=\"og:title\" content=\"About Us - Quinta S\u00e3o Gi\u00e3o - Vinhos Verdes\" \/>\n<meta property=\"og:description\" content=\"[vc_section full_width=&#8221;stretch_row&#8221; content_placement=&#8221;middle&#8221; mobile_bg_img_hidden=&#8221;no&#8221; tablet_bg_img_hidden=&#8221;no&#8221; woodmart_parallax=&#8221;0&#8243; woodmart_gradient_switch=&#8221;no&#8221; woodmart_disable_overflow=&#8221;0&#8243; el_class=&#8221;section-hero&#8221;][vc_row full_width=&#8221;stretch_row&#8221; full_height=&#8221;yes&#8221; content_placement=&#8221;middle&#8221; css_animation=&#8221;none&#8221; css=&#8221;.vc_custom_1621853509830{background-image: url(https:\/\/quintasaogiao.pt\/wp-content\/uploads\/2021\/03\/novo_slide-2.jpg?id=558) !important;background-position: center !important;background-repeat: no-repeat !important;background-size:\" \/>\n<meta property=\"og:url\" content=\"https:\/\/quintasaogiao.pt\/en\/about-us\/\" \/>\n<meta property=\"og:site_name\" content=\"Quinta S\u00e3o Gi\u00e3o - Vinhos Verdes\" \/>\n<meta property=\"article:publisher\" content=\"https:\/\/www.facebook.com\/quintasaogiao\" \/>\n<meta property=\"article:modified_time\" content=\"2021-07-21T11:38:53+00:00\" \/>\n<meta name=\"twitter:card\" content=\"summary_large_image\" \/>\n<meta name=\"twitter:label1\" content=\"Est. reading time\" \/>\n\t<meta name=\"twitter:data1\" content=\"9 minutes\" \/>\n<script type=\"application\/ld+json\" class=\"yoast-schema-graph\">{\"@context\":\"https:\/\/schema.org\",\"@graph\":[{\"@type\":\"WebPage\",\"@id\":\"https:\/\/quintasaogiao.pt\/en\/about-us\/\",\"url\":\"https:\/\/quintasaogiao.pt\/en\/about-us\/\",\"name\":\"About Us - Quinta S\u00e3o Gi\u00e3o - Vinhos Verdes\",\"isPartOf\":{\"@id\":\"https:\/\/quintasaogiao.pt\/en\/#website\"},\"datePublished\":\"2021-07-20T14:32:39+00:00\",\"dateModified\":\"2021-07-21T11:38:53+00:00\",\"breadcrumb\":{\"@id\":\"https:\/\/quintasaogiao.pt\/en\/about-us\/#breadcrumb\"},\"inLanguage\":\"en-US\",\"potentialAction\":[{\"@type\":\"ReadAction\",\"target\":[\"https:\/\/quintasaogiao.pt\/en\/about-us\/\"]}]},{\"@type\":\"BreadcrumbList\",\"@id\":\"https:\/\/quintasaogiao.pt\/en\/about-us\/#breadcrumb\",\"itemListElement\":[{\"@type\":\"ListItem\",\"position\":1,\"name\":\"In\u00edcio\",\"item\":\"https:\/\/quintasaogiao.pt\/en\/\"},{\"@type\":\"ListItem\",\"position\":2,\"name\":\"About Us\"}]},{\"@type\":\"WebSite\",\"@id\":\"https:\/\/quintasaogiao.pt\/en\/#website\",\"url\":\"https:\/\/quintasaogiao.pt\/en\/\",\"name\":\"Quinta S\u00e3o Gi\u00e3o | Vinhos Verdes | Desde 1972\",\"description\":\"\",\"publisher\":{\"@id\":\"https:\/\/quintasaogiao.pt\/en\/#organization\"},\"potentialAction\":[{\"@type\":\"SearchAction\",\"target\":{\"@type\":\"EntryPoint\",\"urlTemplate\":\"https:\/\/quintasaogiao.pt\/en\/?s={search_term_string}\"},\"query-input\":\"required name=search_term_string\"}],\"inLanguage\":\"en-US\"},{\"@type\":\"Organization\",\"@id\":\"https:\/\/quintasaogiao.pt\/en\/#organization\",\"name\":\"Quinta S\u00e3o Gi\u00e3o | Vinhos Verdes | Desde 1972\",\"url\":\"https:\/\/quintasaogiao.pt\/en\/\",\"logo\":{\"@type\":\"ImageObject\",\"inLanguage\":\"en-US\",\"@id\":\"https:\/\/quintasaogiao.pt\/en\/#\/schema\/logo\/image\/\",\"url\":\"https:\/\/quintasaogiao.pt\/wp-content\/uploads\/2021\/02\/logo.svg\",\"contentUrl\":\"https:\/\/quintasaogiao.pt\/wp-content\/uploads\/2021\/02\/logo.svg\",\"width\":298,\"height\":192,\"caption\":\"Quinta S\u00e3o Gi\u00e3o | Vinhos Verdes | Desde 1972\"},\"image\":{\"@id\":\"https:\/\/quintasaogiao.pt\/en\/#\/schema\/logo\/image\/\"},\"sameAs\":[\"https:\/\/www.instagram.com\/quintasaogiao\/\",\"https:\/\/www.linkedin.com\/company\/quinta-sao-giao\",\"https:\/\/www.facebook.com\/quintasaogiao\"]}]}<\/script>\n<!-- \/ Yoast SEO plugin. -->","yoast_head_json":{"title":"About Us - Quinta S\u00e3o Gi\u00e3o - Vinhos Verdes","robots":{"index":"index","follow":"follow","max-snippet":"max-snippet:-1","max-image-preview":"max-image-preview:large","max-video-preview":"max-video-preview:-1"},"canonical":"https:\/\/quintasaogiao.pt\/en\/about-us\/","og_locale":"en_US","og_type":"article","og_title":"About Us - Quinta S\u00e3o Gi\u00e3o - Vinhos Verdes","og_description":"[vc_section full_width=&#8221;stretch_row&#8221; content_placement=&#8221;middle&#8221; mobile_bg_img_hidden=&#8221;no&#8221; tablet_bg_img_hidden=&#8221;no&#8221; woodmart_parallax=&#8221;0&#8243; woodmart_gradient_switch=&#8221;no&#8221; woodmart_disable_overflow=&#8221;0&#8243; el_class=&#8221;section-hero&#8221;][vc_row full_width=&#8221;stretch_row&#8221; full_height=&#8221;yes&#8221; content_placement=&#8221;middle&#8221; css_animation=&#8221;none&#8221; css=&#8221;.vc_custom_1621853509830{background-image: url(https:\/\/quintasaogiao.pt\/wp-content\/uploads\/2021\/03\/novo_slide-2.jpg?id=558) !important;background-position: center !important;background-repeat: no-repeat !important;background-size:","og_url":"https:\/\/quintasaogiao.pt\/en\/about-us\/","og_site_name":"Quinta S\u00e3o Gi\u00e3o - Vinhos Verdes","article_publisher":"https:\/\/www.facebook.com\/quintasaogiao","article_modified_time":"2021-07-21T11:38:53+00:00","twitter_card":"summary_large_image","twitter_misc":{"Est. reading time":"9 minutes"},"schema":{"@context":"https:\/\/schema.org","@graph":[{"@type":"WebPage","@id":"https:\/\/quintasaogiao.pt\/en\/about-us\/","url":"https:\/\/quintasaogiao.pt\/en\/about-us\/","name":"About Us - Quinta S\u00e3o Gi\u00e3o - Vinhos Verdes","isPartOf":{"@id":"https:\/\/quintasaogiao.pt\/en\/#website"},"datePublished":"2021-07-20T14:32:39+00:00","dateModified":"2021-07-21T11:38:53+00:00","breadcrumb":{"@id":"https:\/\/quintasaogiao.pt\/en\/about-us\/#breadcrumb"},"inLanguage":"en-US","potentialAction":[{"@type":"ReadAction","target":["https:\/\/quintasaogiao.pt\/en\/about-us\/"]}]},{"@type":"BreadcrumbList","@id":"https:\/\/quintasaogiao.pt\/en\/about-us\/#breadcrumb","itemListElement":[{"@type":"ListItem","position":1,"name":"In\u00edcio","item":"https:\/\/quintasaogiao.pt\/en\/"},{"@type":"ListItem","position":2,"name":"About Us"}]},{"@type":"WebSite","@id":"https:\/\/quintasaogiao.pt\/en\/#website","url":"https:\/\/quintasaogiao.pt\/en\/","name":"Quinta S\u00e3o Gi\u00e3o | Vinhos Verdes | Desde 1972","description":"","publisher":{"@id":"https:\/\/quintasaogiao.pt\/en\/#organization"},"potentialAction":[{"@type":"SearchAction","target":{"@type":"EntryPoint","urlTemplate":"https:\/\/quintasaogiao.pt\/en\/?s={search_term_string}"},"query-input":"required name=search_term_string"}],"inLanguage":"en-US"},{"@type":"Organization","@id":"https:\/\/quintasaogiao.pt\/en\/#organization","name":"Quinta S\u00e3o Gi\u00e3o | Vinhos Verdes | Desde 1972","url":"https:\/\/quintasaogiao.pt\/en\/","logo":{"@type":"ImageObject","inLanguage":"en-US","@id":"https:\/\/quintasaogiao.pt\/en\/#\/schema\/logo\/image\/","url":"https:\/\/quintasaogiao.pt\/wp-content\/uploads\/2021\/02\/logo.svg","contentUrl":"https:\/\/quintasaogiao.pt\/wp-content\/uploads\/2021\/02\/logo.svg","width":298,"height":192,"caption":"Quinta S\u00e3o Gi\u00e3o | Vinhos Verdes | Desde 1972"},"image":{"@id":"https:\/\/quintasaogiao.pt\/en\/#\/schema\/logo\/image\/"},"sameAs":["https:\/\/www.instagram.com\/quintasaogiao\/","https:\/\/www.linkedin.com\/company\/quinta-sao-giao","https:\/\/www.facebook.com\/quintasaogiao"]}]}},"_links":{"self":[{"href":"https:\/\/quintasaogiao.pt\/en\/wp-json\/wp\/v2\/pages\/805","targetHints":{"allow":["GET"]}}],"collection":[{"href":"https:\/\/quintasaogiao.pt\/en\/wp-json\/wp\/v2\/pages"}],"about":[{"href":"https:\/\/quintasaogiao.pt\/en\/wp-json\/wp\/v2\/types\/page"}],"author":[{"embeddable":true,"href":"https:\/\/quintasaogiao.pt\/en\/wp-json\/wp\/v2\/users\/2"}],"replies":[{"embeddable":true,"href":"https:\/\/quintasaogiao.pt\/en\/wp-json\/wp\/v2\/comments?post=805"}],"version-history":[{"count":6,"href":"https:\/\/quintasaogiao.pt\/en\/wp-json\/wp\/v2\/pages\/805\/revisions"}],"predecessor-version":[{"id":864,"href":"https:\/\/quintasaogiao.pt\/en\/wp-json\/wp\/v2\/pages\/805\/revisions\/864"}],"wp:attachment":[{"href":"https:\/\/quintasaogiao.pt\/en\/wp-json\/wp\/v2\/media?parent=805"}],"curies":[{"name":"wp","href":"https:\/\/api.w.org\/{rel}","templated":true}]}}