{"id":798,"date":"2021-07-20T14:13:20","date_gmt":"2021-07-20T14:13:20","guid":{"rendered":"https:\/\/quintasaogiao.pt\/?page_id=798"},"modified":"2025-04-29T15:18:00","modified_gmt":"2025-04-29T15:18:00","slug":"online-sales-conditions","status":"publish","type":"page","link":"https:\/\/quintasaogiao.pt\/en\/online-sales-conditions\/","title":{"rendered":"Online Sales Conditions"},"content":{"rendered":"<section class=\"wpb-content-wrapper\"><p>[vc_section full_width=&#8221;stretch_row&#8221; full_height=&#8221;yes&#8221; content_placement=&#8221;middle&#8221; mobile_bg_img_hidden=&#8221;no&#8221; tablet_bg_img_hidden=&#8221;no&#8221; woodmart_parallax=&#8221;0&#8243; woodmart_gradient_switch=&#8221;no&#8221; woodmart_disable_overflow=&#8221;0&#8243; el_class=&#8221;section-hero&#8221;][vc_row full_width=&#8221;stretch_row&#8221; full_height=&#8221;yes&#8221; content_placement=&#8221;middle&#8221; css=&#8221;.vc_custom_1614342864928{background-image: url(https:\/\/quintasaogiao.pt\/wp-content\/uploads\/2021\/02\/profissionais-min.jpg?id=242) !important;background-position: center !important;background-repeat: no-repeat !important;background-size: cover !important;}&#8221; mobile_bg_img_hidden=&#8221;no&#8221; tablet_bg_img_hidden=&#8221;no&#8221; woodmart_parallax=&#8221;0&#8243; woodmart_gradient_switch=&#8221;no&#8221; row_reverse_mobile=&#8221;0&#8243; row_reverse_tablet=&#8221;0&#8243; woodmart_disable_overflow=&#8221;0&#8243;][vc_column]\n\t\t<div id=\"wd-60522d2f6376a\" class=\"title-wrapper wd-wpb set-mb-s reset-last-child  wd-rs-60522d2f6376a wd-title-color-default wd-title-style-default text-center  wd-underline-colored\">\n\t\t\t\t\t\t\t<div class=\"title-subtitle  subtitle-color-default font-default subtitle-style-default wd-font-weight- wd-fontsize-xs\">A melhor experi\u00eancia poss\u00edvel de compra online<\/div>\n\t\t\t\n\t\t\t<div class=\"liner-continer\">\n\t\t\t\t<h4 class=\"woodmart-title-container title  wd-font-weight-400 wd-fontsize-l\" >Condi\u00e7\u00f5es de Venda Online<\/h4>\n\t\t\t\t\t\t\t<\/div>\n\t\t\t\n\t\t\t\n\t\t\t\n\t\t<\/div>\n\t\t\n\t\t[\/vc_column][\/vc_row][\/vc_section][vc_section full_width=&#8221;stretch_row&#8221; css=&#8221;.vc_custom_1615904482282{background-color: #867d61 !important;}&#8221; mobile_bg_img_hidden=&#8221;no&#8221; tablet_bg_img_hidden=&#8221;no&#8221; woodmart_parallax=&#8221;0&#8243; woodmart_gradient_switch=&#8221;no&#8221; woodmart_disable_overflow=&#8221;0&#8243;][vc_row css=&#8221;.vc_custom_1615904494349{padding-top: 100px !important;padding-bottom: 150px !important;}&#8221; mobile_bg_img_hidden=&#8221;no&#8221; tablet_bg_img_hidden=&#8221;no&#8221; woodmart_parallax=&#8221;0&#8243; woodmart_gradient_switch=&#8221;no&#8221; row_reverse_mobile=&#8221;0&#8243; row_reverse_tablet=&#8221;0&#8243; woodmart_disable_overflow=&#8221;0&#8243;][vc_column width=&#8221;1\/6&#8243;][\/vc_column][vc_column width=&#8221;2\/3&#8243;][vc_column_text text_larger=&#8221;no&#8221; woodmart_inline=&#8221;no&#8221;]<span style=\"color: #ffffff;\">1) This website, including its online shop, is fully owned by Sociedade Agr\u00edcola S\u00e3o Gi\u00e3o, Lda headquartered in Rua do Outeiro, S\/N, Apartado 507, 4816-907 Moreira de C\u00f3negos, bearer of tax number 502967269 and registered at the Commercial Registry Office of Guimar\u00e3es, dedicating itself to the production and commercialization of alcoholic beverages.<\/span><\/p>\n<p><span style=\"color: #ffffff;\">2) The purchase of any product on the website of Sociedade Agr\u00edcola S\u00e3o Gi\u00e3o, Lda (Quinta S\u00e3o Gi\u00e3o) implies acceptance of these Online Sales Conditions. To make purchases on Quinta S\u00e3o Gi\u00e3o website, you must complete a single customer registration with valid data or shopping in \u201cguest\u201d mode but providing valid data.<\/span><\/p>\n<p><span style=\"color: #ffffff;\">3) Any and all alcoholic beverages available for sale on Quinta S\u00e3o Gi\u00e3o website can only be purchased by people of legal drinking age in its country of residence. In case of doubt contact us.<\/span><\/p>\n<p><span style=\"color: #ffffff;\">4) Quinta S\u00e3o Gi\u00e3o reserves the right to modify, without prior notice and at any time, the information and commercial offer presented on: products, prices, commercial conditions and services. The images that illustrate each product may differ from the product subsequently delivered.<\/span><\/p>\n<p><span style=\"color: #ffffff;\">5) The products presented and available for online sale on Quinta S\u00e3o Gi\u00e3o website contain, in general, sulfites.<\/span><\/p>\n<p><span style=\"color: #ffffff;\">6) Under the Portuguese law, all prices are presented in euros (\u20ac) and include the respective VAT rates in force.<\/span><\/p>\n<p><span style=\"color: #ffffff;\">7) If an order cannot be satisfied in part or in full, the customer will be immediately contacted by Quinta S\u00e3o Gi\u00e3o to find the most suitable solution. Orders will only be processed after payment is received.<\/span><\/p>\n<p><span style=\"color: #ffffff;\">8) To the product prices shown is added the shipping cost of each order, which costs 13,53\u20ac (VAT included). Delivery is free if the purchase is superior to \u20ac75\u20ac. Shipping costs are indicated at checkout.<\/span><\/p>\n<p><span style=\"color: #ffffff;\">9) All orders made on Quinta S\u00e3o Gi\u00e3o website have a maximum payment period of 5 days. After this period, the order will be automatically canceled.<\/span><\/p>\n<p><span style=\"color: #ffffff;\">10) Quinta S\u00e3o Gi\u00e3o makes all efforts to ensure the delivery of orders within a maximum period of 3 working days after payment confirmation. All products sent by Quinta S\u00e3o Gi\u00e3o must be checked upon delivery. If you find that your order is damaged, you must return it immediately to the transport company, duly justify the reason for the return on the delivery note and immediately notify Quinta S\u00e3o Gi\u00e3o. By default, the shipping company in charge of delivering the orders placed on our online shop is Iberomail.<\/span><\/p>\n<p><span style=\"color: #ffffff;\">11) Quinta S\u00e3o Gi\u00e3o recognizes to all its customers the right to terminate the contracts they enter into, allowing them to return products purchased under the terms of Decree-Law no. 24\/2014 of February 14 within 14 days and Decree-Law no. 82\/2008 of May 20, and should contact Quinta S\u00e3o Gi\u00e3o for this purpose. Only the return of products with no sign of misuse, complete with all its components and original packaging in perfect condition will be accepted.<\/span><\/p>\n<p><span style=\"color: #ffffff;\">12) All purchases made on Quinta S\u00e3o Gi\u00e3o website are subject to Portuguese law. Any conflict or divergence in the interpretation of the Online Sale Conditions will be submitted to the competent Portuguese Court.<\/span><\/p>\n<p><span style=\"color: #ffffff;\">13) Under the terms and for the purposes of the provisions of art. 18 of Law no. 144\/2015, of September 8, we inform you that the available ADR entity is CNIACC \u2014 Centro Nacional de Informa\u00e7\u00e3o e Arbitragem de Conflitos de Consumo, with the following contacts:<\/span><br \/>\n<span style=\"color: #ffffff;\">Address: Rua D. Afonso Henriques, n\u00ba 1, 4700-030 Braga<\/span><br \/>\n<span style=\"color: #ffffff;\">Phone: 253 619 107<\/span><br \/>\n<span style=\"color: #ffffff;\">Email: geral@cniacc.pt<\/span><br \/>\n<span style=\"color: #ffffff;\">Website: https:\/\/www.cniacc.pt<\/span><\/p>\n<p><span style=\"color: #ffffff;\">14) These Online Sale Conditions can be changed without prior notice, and should therefore be consulted before placing any order.<\/span><\/p>\n<p><span style=\"color: #ffffff;\">Moreira de C\u00f3negos, March 11, 2021<\/span>[\/vc_column_text][\/vc_column][vc_column width=&#8221;1\/6&#8243;][\/vc_column][\/vc_row][\/vc_section]<\/p>\n<\/section>","protected":false},"excerpt":{"rendered":"<p>[vc_section full_width=&#8221;stretch_row&#8221; full_height=&#8221;yes&#8221; content_placement=&#8221;middle&#8221; mobile_bg_img_hidden=&#8221;no&#8221; tablet_bg_img_hidden=&#8221;no&#8221; woodmart_parallax=&#8221;0&#8243; woodmart_gradient_switch=&#8221;no&#8221; woodmart_disable_overflow=&#8221;0&#8243; el_class=&#8221;section-hero&#8221;][vc_row full_width=&#8221;stretch_row&#8221; full_height=&#8221;yes&#8221; content_placement=&#8221;middle&#8221; css=&#8221;.vc_custom_1614342864928{background-image: url(https:\/\/quintasaogiao.pt\/wp-content\/uploads\/2021\/02\/profissionais-min.jpg?id=242) !important;background-position: center !important;background-repeat: no-repeat !important;background-size:<\/p>\n","protected":false},"author":1,"featured_media":0,"parent":0,"menu_order":0,"comment_status":"closed","ping_status":"closed","template":"","meta":{"footnotes":""},"class_list":["post-798","page","type-page","status-publish","hentry"],"yoast_head":"<!-- This site is optimized with the Yoast SEO plugin v19.10 - https:\/\/yoast.com\/wordpress\/plugins\/seo\/ -->\n<title>Online Sales Conditions - Quinta S\u00e3o Gi\u00e3o - Vinhos Verdes<\/title>\n<meta name=\"robots\" content=\"index, follow, max-snippet:-1, max-image-preview:large, max-video-preview:-1\" \/>\n<link rel=\"canonical\" href=\"https:\/\/quintasaogiao.pt\/en\/online-sales-conditions\/\" \/>\n<meta property=\"og:locale\" content=\"en_US\" \/>\n<meta property=\"og:type\" content=\"article\" \/>\n<meta property=\"og:title\" content=\"Online Sales Conditions - Quinta S\u00e3o Gi\u00e3o - Vinhos Verdes\" \/>\n<meta property=\"og:description\" content=\"[vc_section full_width=&#8221;stretch_row&#8221; full_height=&#8221;yes&#8221; content_placement=&#8221;middle&#8221; mobile_bg_img_hidden=&#8221;no&#8221; tablet_bg_img_hidden=&#8221;no&#8221; woodmart_parallax=&#8221;0&#8243; woodmart_gradient_switch=&#8221;no&#8221; woodmart_disable_overflow=&#8221;0&#8243; el_class=&#8221;section-hero&#8221;][vc_row full_width=&#8221;stretch_row&#8221; full_height=&#8221;yes&#8221; content_placement=&#8221;middle&#8221; css=&#8221;.vc_custom_1614342864928{background-image: url(https:\/\/quintasaogiao.pt\/wp-content\/uploads\/2021\/02\/profissionais-min.jpg?id=242) !important;background-position: center !important;background-repeat: no-repeat !important;background-size:\" \/>\n<meta property=\"og:url\" content=\"https:\/\/quintasaogiao.pt\/en\/online-sales-conditions\/\" \/>\n<meta property=\"og:site_name\" content=\"Quinta S\u00e3o Gi\u00e3o - Vinhos Verdes\" \/>\n<meta property=\"article:publisher\" content=\"https:\/\/www.facebook.com\/quintasaogiao\" \/>\n<meta property=\"article:modified_time\" content=\"2025-04-29T15:18:00+00:00\" \/>\n<meta name=\"twitter:card\" content=\"summary_large_image\" \/>\n<meta name=\"twitter:label1\" content=\"Est. reading time\" \/>\n\t<meta name=\"twitter:data1\" content=\"5 minutes\" \/>\n<script type=\"application\/ld+json\" class=\"yoast-schema-graph\">{\"@context\":\"https:\/\/schema.org\",\"@graph\":[{\"@type\":\"WebPage\",\"@id\":\"https:\/\/quintasaogiao.pt\/en\/online-sales-conditions\/\",\"url\":\"https:\/\/quintasaogiao.pt\/en\/online-sales-conditions\/\",\"name\":\"Online Sales Conditions - Quinta S\u00e3o Gi\u00e3o - Vinhos Verdes\",\"isPartOf\":{\"@id\":\"https:\/\/quintasaogiao.pt\/en\/#website\"},\"datePublished\":\"2021-07-20T14:13:20+00:00\",\"dateModified\":\"2025-04-29T15:18:00+00:00\",\"breadcrumb\":{\"@id\":\"https:\/\/quintasaogiao.pt\/en\/online-sales-conditions\/#breadcrumb\"},\"inLanguage\":\"en-US\",\"potentialAction\":[{\"@type\":\"ReadAction\",\"target\":[\"https:\/\/quintasaogiao.pt\/en\/online-sales-conditions\/\"]}]},{\"@type\":\"BreadcrumbList\",\"@id\":\"https:\/\/quintasaogiao.pt\/en\/online-sales-conditions\/#breadcrumb\",\"itemListElement\":[{\"@type\":\"ListItem\",\"position\":1,\"name\":\"In\u00edcio\",\"item\":\"https:\/\/quintasaogiao.pt\/en\/\"},{\"@type\":\"ListItem\",\"position\":2,\"name\":\"Online Sales Conditions\"}]},{\"@type\":\"WebSite\",\"@id\":\"https:\/\/quintasaogiao.pt\/en\/#website\",\"url\":\"https:\/\/quintasaogiao.pt\/en\/\",\"name\":\"Quinta S\u00e3o Gi\u00e3o | Vinhos Verdes | Desde 1972\",\"description\":\"\",\"publisher\":{\"@id\":\"https:\/\/quintasaogiao.pt\/en\/#organization\"},\"potentialAction\":[{\"@type\":\"SearchAction\",\"target\":{\"@type\":\"EntryPoint\",\"urlTemplate\":\"https:\/\/quintasaogiao.pt\/en\/?s={search_term_string}\"},\"query-input\":\"required name=search_term_string\"}],\"inLanguage\":\"en-US\"},{\"@type\":\"Organization\",\"@id\":\"https:\/\/quintasaogiao.pt\/en\/#organization\",\"name\":\"Quinta S\u00e3o Gi\u00e3o | Vinhos Verdes | Desde 1972\",\"url\":\"https:\/\/quintasaogiao.pt\/en\/\",\"logo\":{\"@type\":\"ImageObject\",\"inLanguage\":\"en-US\",\"@id\":\"https:\/\/quintasaogiao.pt\/en\/#\/schema\/logo\/image\/\",\"url\":\"https:\/\/quintasaogiao.pt\/wp-content\/uploads\/2021\/02\/logo.svg\",\"contentUrl\":\"https:\/\/quintasaogiao.pt\/wp-content\/uploads\/2021\/02\/logo.svg\",\"width\":298,\"height\":192,\"caption\":\"Quinta S\u00e3o Gi\u00e3o | Vinhos Verdes | Desde 1972\"},\"image\":{\"@id\":\"https:\/\/quintasaogiao.pt\/en\/#\/schema\/logo\/image\/\"},\"sameAs\":[\"https:\/\/www.instagram.com\/quintasaogiao\/\",\"https:\/\/www.linkedin.com\/company\/quinta-sao-giao\",\"https:\/\/www.facebook.com\/quintasaogiao\"]}]}<\/script>\n<!-- \/ Yoast SEO plugin. -->","yoast_head_json":{"title":"Online Sales Conditions - Quinta S\u00e3o Gi\u00e3o - Vinhos Verdes","robots":{"index":"index","follow":"follow","max-snippet":"max-snippet:-1","max-image-preview":"max-image-preview:large","max-video-preview":"max-video-preview:-1"},"canonical":"https:\/\/quintasaogiao.pt\/en\/online-sales-conditions\/","og_locale":"en_US","og_type":"article","og_title":"Online Sales Conditions - Quinta S\u00e3o Gi\u00e3o - Vinhos Verdes","og_description":"[vc_section full_width=&#8221;stretch_row&#8221; full_height=&#8221;yes&#8221; content_placement=&#8221;middle&#8221; mobile_bg_img_hidden=&#8221;no&#8221; tablet_bg_img_hidden=&#8221;no&#8221; woodmart_parallax=&#8221;0&#8243; woodmart_gradient_switch=&#8221;no&#8221; woodmart_disable_overflow=&#8221;0&#8243; el_class=&#8221;section-hero&#8221;][vc_row full_width=&#8221;stretch_row&#8221; full_height=&#8221;yes&#8221; content_placement=&#8221;middle&#8221; css=&#8221;.vc_custom_1614342864928{background-image: url(https:\/\/quintasaogiao.pt\/wp-content\/uploads\/2021\/02\/profissionais-min.jpg?id=242) !important;background-position: center !important;background-repeat: no-repeat !important;background-size:","og_url":"https:\/\/quintasaogiao.pt\/en\/online-sales-conditions\/","og_site_name":"Quinta S\u00e3o Gi\u00e3o - Vinhos Verdes","article_publisher":"https:\/\/www.facebook.com\/quintasaogiao","article_modified_time":"2025-04-29T15:18:00+00:00","twitter_card":"summary_large_image","twitter_misc":{"Est. reading time":"5 minutes"},"schema":{"@context":"https:\/\/schema.org","@graph":[{"@type":"WebPage","@id":"https:\/\/quintasaogiao.pt\/en\/online-sales-conditions\/","url":"https:\/\/quintasaogiao.pt\/en\/online-sales-conditions\/","name":"Online Sales Conditions - Quinta S\u00e3o Gi\u00e3o - Vinhos Verdes","isPartOf":{"@id":"https:\/\/quintasaogiao.pt\/en\/#website"},"datePublished":"2021-07-20T14:13:20+00:00","dateModified":"2025-04-29T15:18:00+00:00","breadcrumb":{"@id":"https:\/\/quintasaogiao.pt\/en\/online-sales-conditions\/#breadcrumb"},"inLanguage":"en-US","potentialAction":[{"@type":"ReadAction","target":["https:\/\/quintasaogiao.pt\/en\/online-sales-conditions\/"]}]},{"@type":"BreadcrumbList","@id":"https:\/\/quintasaogiao.pt\/en\/online-sales-conditions\/#breadcrumb","itemListElement":[{"@type":"ListItem","position":1,"name":"In\u00edcio","item":"https:\/\/quintasaogiao.pt\/en\/"},{"@type":"ListItem","position":2,"name":"Online Sales Conditions"}]},{"@type":"WebSite","@id":"https:\/\/quintasaogiao.pt\/en\/#website","url":"https:\/\/quintasaogiao.pt\/en\/","name":"Quinta S\u00e3o Gi\u00e3o | Vinhos Verdes | Desde 1972","description":"","publisher":{"@id":"https:\/\/quintasaogiao.pt\/en\/#organization"},"potentialAction":[{"@type":"SearchAction","target":{"@type":"EntryPoint","urlTemplate":"https:\/\/quintasaogiao.pt\/en\/?s={search_term_string}"},"query-input":"required name=search_term_string"}],"inLanguage":"en-US"},{"@type":"Organization","@id":"https:\/\/quintasaogiao.pt\/en\/#organization","name":"Quinta S\u00e3o Gi\u00e3o | Vinhos Verdes | Desde 1972","url":"https:\/\/quintasaogiao.pt\/en\/","logo":{"@type":"ImageObject","inLanguage":"en-US","@id":"https:\/\/quintasaogiao.pt\/en\/#\/schema\/logo\/image\/","url":"https:\/\/quintasaogiao.pt\/wp-content\/uploads\/2021\/02\/logo.svg","contentUrl":"https:\/\/quintasaogiao.pt\/wp-content\/uploads\/2021\/02\/logo.svg","width":298,"height":192,"caption":"Quinta S\u00e3o Gi\u00e3o | Vinhos Verdes | Desde 1972"},"image":{"@id":"https:\/\/quintasaogiao.pt\/en\/#\/schema\/logo\/image\/"},"sameAs":["https:\/\/www.instagram.com\/quintasaogiao\/","https:\/\/www.linkedin.com\/company\/quinta-sao-giao","https:\/\/www.facebook.com\/quintasaogiao"]}]}},"_links":{"self":[{"href":"https:\/\/quintasaogiao.pt\/en\/wp-json\/wp\/v2\/pages\/798","targetHints":{"allow":["GET"]}}],"collection":[{"href":"https:\/\/quintasaogiao.pt\/en\/wp-json\/wp\/v2\/pages"}],"about":[{"href":"https:\/\/quintasaogiao.pt\/en\/wp-json\/wp\/v2\/types\/page"}],"author":[{"embeddable":true,"href":"https:\/\/quintasaogiao.pt\/en\/wp-json\/wp\/v2\/users\/1"}],"replies":[{"embeddable":true,"href":"https:\/\/quintasaogiao.pt\/en\/wp-json\/wp\/v2\/comments?post=798"}],"version-history":[{"count":5,"href":"https:\/\/quintasaogiao.pt\/en\/wp-json\/wp\/v2\/pages\/798\/revisions"}],"predecessor-version":[{"id":1044,"href":"https:\/\/quintasaogiao.pt\/en\/wp-json\/wp\/v2\/pages\/798\/revisions\/1044"}],"wp:attachment":[{"href":"https:\/\/quintasaogiao.pt\/en\/wp-json\/wp\/v2\/media?parent=798"}],"curies":[{"name":"wp","href":"https:\/\/api.w.org\/{rel}","templated":true}]}}