{"id":792,"date":"2021-07-20T12:08:06","date_gmt":"2021-07-20T12:08:06","guid":{"rendered":"https:\/\/quintasaogiao.pt\/?page_id=792"},"modified":"2021-07-20T12:08:07","modified_gmt":"2021-07-20T12:08:07","slug":"terroir","status":"publish","type":"page","link":"https:\/\/quintasaogiao.pt\/en\/terroir\/","title":{"rendered":"Terroir"},"content":{"rendered":"<section class=\"wpb-content-wrapper\"><p>[vc_section full_width=&#8221;stretch_row&#8221; content_placement=&#8221;middle&#8221; mobile_bg_img_hidden=&#8221;no&#8221; tablet_bg_img_hidden=&#8221;no&#8221; woodmart_parallax=&#8221;0&#8243; woodmart_gradient_switch=&#8221;no&#8221; woodmart_disable_overflow=&#8221;0&#8243; el_class=&#8221;section-hero&#8221;][vc_row full_width=&#8221;stretch_row&#8221; full_height=&#8221;yes&#8221; content_placement=&#8221;middle&#8221; css_animation=&#8221;none&#8221; css=&#8221;.vc_custom_1623625227466{background-image: url(https:\/\/quintasaogiao.pt\/wp-content\/uploads\/2021\/06\/terroir_nova2-min.jpg?id=699) !important;background-position: center !important;background-repeat: no-repeat !important;background-size: cover !important;}&#8221; mobile_bg_img_hidden=&#8221;no&#8221; tablet_bg_img_hidden=&#8221;no&#8221; woodmart_parallax=&#8221;0&#8243; woodmart_gradient_switch=&#8221;no&#8221; row_reverse_mobile=&#8221;0&#8243; row_reverse_tablet=&#8221;0&#8243; woodmart_disable_overflow=&#8221;0&#8243;][vc_column]\n\t\t<div id=\"wd-60f6b61e1d0a6\" class=\"title-wrapper wd-wpb set-mb-s reset-last-child  wd-rs-60f6b61e1d0a6 wd-title-color-default wd-title-style-default text-center  wd-underline-colored\">\n\t\t\t\t\t\t\t<div class=\"title-subtitle  subtitle-color-default font-default subtitle-style-default wd-font-weight- wd-fontsize-xs\">The birthplace of our wines<\/div>\n\t\t\t\n\t\t\t<div class=\"liner-continer\">\n\t\t\t\t<h4 class=\"woodmart-title-container title  wd-font-weight-400 wd-fontsize-l\" >Terroir<\/h4>\n\t\t\t\t\t\t\t<\/div>\n\t\t\t\n\t\t\t\n\t\t\t\n\t\t<\/div>\n\t\t\n\t\t[\/vc_column][\/vc_row][\/vc_section][vc_section full_height=&#8221;yes&#8221; mobile_bg_img_hidden=&#8221;no&#8221; tablet_bg_img_hidden=&#8221;no&#8221; woodmart_parallax=&#8221;0&#8243; woodmart_gradient_switch=&#8221;no&#8221; woodmart_disable_overflow=&#8221;0&#8243; el_class=&#8221;section-who-are-you&#8221;][vc_row content_placement=&#8221;middle&#8221; mobile_bg_img_hidden=&#8221;no&#8221; tablet_bg_img_hidden=&#8221;no&#8221; woodmart_parallax=&#8221;0&#8243; woodmart_gradient_switch=&#8221;no&#8221; row_reverse_mobile=&#8221;0&#8243; row_reverse_tablet=&#8221;0&#8243; woodmart_disable_overflow=&#8221;0&#8243;][vc_column width=&#8221;1\/6&#8243;][\/vc_column][vc_column width=&#8221;2\/3&#8243;]\n\t\t<div id=\"wd-60f6b864a9dfe\" class=\"title-wrapper wd-wpb set-mb-s reset-last-child  wd-rs-60f6b864a9dfe wd-title-color-default wd-title-style-default text-center wd-off-anim wpb_animate_when_almost_visible wpb_wd-slide-from-top wd-slide-from-top wd-anim-name_wd-slide-from-top presentation-wrapper  wd-underline-colored\">\n\t\t\t\n\t\t\t<div class=\"liner-continer\">\n\t\t\t\t<h4 class=\"woodmart-title-container title  wd-font-weight-400 wd-fontsize-l\" >Commitment to sustainability<\/h4>\n\t\t\t\t\t\t\t<\/div>\n\t\t\t\n\t\t\t\t\t\t\t<div class=\"title-after_title  set-cont-mb-s reset-last-child  wd-fontsize-xs\">Quinta S\u00e3o Gi\u00e3o wines are produced exclusively using grapes from our own vineyards, which are in an integrated production system. We currently have 32 hectares of our own vineyards in production plus another 8 hectares of new planting.<\/div>\n\t\t\t\n\t\t\t\n\t\t<\/div>\n\t\t\n\t\t[\/vc_column][vc_column width=&#8221;1\/6&#8243;][\/vc_column][\/vc_row][vc_row][vc_column width=&#8221;1\/6&#8243;][\/vc_column][vc_column width=&#8221;2\/3&#8243;][vc_single_image image=&#8221;71&#8243; alignment=&#8221;center&#8221; css_animation=&#8221;fadeIn&#8221; el_class=&#8221;presentation-image-right&#8221; parallax_scroll=&#8221;no&#8221;][\/vc_column][vc_column width=&#8221;1\/6&#8243;][\/vc_column][\/vc_row][vc_row][vc_column width=&#8221;1\/6&#8243;][\/vc_column][vc_column width=&#8221;2\/3&#8243;]\t\t<div id=\"gallery_335\" class=\"wd-images-gallery wd-justify-center wd-items-middle view-carousel wd-off-anim wpb_animate_when_almost_visible wpb_zoomIn zoomIn wd-anim-name_zoomIn photoswipe-images wd-carousel-spacing-0 wd-carousel-container\" data-owl-carousel data-wrap=\"yes\" data-autoplay=\"yes\" data-hide_pagination_control=\"no\" data-hide_prev_next_buttons=\"no\" data-scroll_per_page=\"no\" data-center_mode=\"yes\" data-desktop=\"1\" data-tablet=\"1\" data-tablet_landscape=\"1\" data-mobile=\"1\">\n\t\t\t<div class=\"gallery-images owl-carousel owl-items-lg-1 owl-items-md-1 owl-items-sm-1 owl-items-xs-1\">\n\t\t\t\t\t\t\t\t\t\t\t\t\t\t\t<div class=\"wd-gallery-item\">\n\t\t\t\t\t\t\t\t\t\t\t\t\t\t<a href=\"https:\/\/quintasaogiao.pt\/wp-content\/uploads\/2021\/05\/foto2-min.jpg\" data-elementor-open-lightbox=\"no\" data-index=\"1\" data-width=\"1280\" data-height=\"920\"  >\n\t\t\t\t\t\t\t\t\n\t\t\t\t\t\t\t\t\t\t\t\t\t\t\t\t\t<img loading=\"lazy\" decoding=\"async\" class=\"wd-gallery-image image-1 \" src=\"https:\/\/quintasaogiao.pt\/wp-content\/uploads\/2021\/05\/foto2-min.jpg\" width=\"1280\" height=\"920\" alt=\"foto2-min\" title=\"foto2-min\" \/>\t\t\t\t\t\t\t\t\n\n\t\t\t\t\t\t\t\t\t\t\t\t\t\t\t<\/a>\n\t\t\t\t\t\t\t\t\t\t\t\t<\/div>\n\t\t\t\t\t\t\t\t\t\t\t<div class=\"wd-gallery-item\">\n\t\t\t\t\t\t\t\t\t\t\t\t\t\t<a href=\"https:\/\/quintasaogiao.pt\/wp-content\/uploads\/2021\/03\/terroir2-min.jpg\" data-elementor-open-lightbox=\"no\" data-index=\"2\" data-width=\"1280\" data-height=\"920\"  >\n\t\t\t\t\t\t\t\t\n\t\t\t\t\t\t\t\t\t\t\t\t\t\t\t\t\t<img loading=\"lazy\" decoding=\"async\" class=\"wd-gallery-image image-2 \" src=\"https:\/\/quintasaogiao.pt\/wp-content\/uploads\/2021\/03\/terroir2-min.jpg\" width=\"1280\" height=\"920\" alt=\"terroir2-min\" title=\"terroir2-min\" \/>\t\t\t\t\t\t\t\t\n\n\t\t\t\t\t\t\t\t\t\t\t\t\t\t\t<\/a>\n\t\t\t\t\t\t\t\t\t\t\t\t<\/div>\n\t\t\t\t\t\t\t\t\t\t\t\t<\/div>\n\t\t<\/div>\n\t\t\t\t[\/vc_column][vc_column width=&#8221;1\/6&#8243;][\/vc_column][\/vc_row][\/vc_section][vc_section full_width=&#8221;stretch_row&#8221; full_height=&#8221;yes&#8221; content_placement=&#8221;middle&#8221; mobile_bg_img_hidden=&#8221;no&#8221; tablet_bg_img_hidden=&#8221;no&#8221; woodmart_parallax=&#8221;0&#8243; woodmart_gradient_switch=&#8221;no&#8221; woodmart_disable_overflow=&#8221;0&#8243; css=&#8221;.vc_custom_1614352340225{background-color: #867d61 !important;}&#8221;][vc_row mobile_bg_img_hidden=&#8221;no&#8221; tablet_bg_img_hidden=&#8221;no&#8221; woodmart_parallax=&#8221;0&#8243; woodmart_gradient_switch=&#8221;no&#8221; row_reverse_mobile=&#8221;0&#8243; row_reverse_tablet=&#8221;0&#8243; woodmart_disable_overflow=&#8221;0&#8243; el_class=&#8221;section-middle-bg&#8221;][vc_column][vc_row_inner][vc_column_inner width=&#8221;2\/3&#8243;]\n\t\t<div id=\"wd-60f6b922c79d1\" class=\"title-wrapper wd-wpb set-mb-s reset-last-child  wd-rs-60f6b922c79d1 wd-title-color-default wd-title-style-default text-left wd-off-anim wpb_animate_when_almost_visible wpb_wd-slide-from-left wd-slide-from-left wd-anim-name_wd-slide-from-left presentation-wrapper  wd-underline-colored\">\n\t\t\t\n\t\t\t<div class=\"liner-continer\">\n\t\t\t\t<h4 class=\"woodmart-title-container title  wd-font-weight-400 wd-fontsize-l\" >Choice of the best locations<\/h4>\n\t\t\t\t\t\t\t<\/div>\n\t\t\t\n\t\t\t\t\t\t\t<div class=\"title-after_title  set-cont-mb-s reset-last-child  wd-fontsize-xs\">Our vineyards are divided into four parcels located in different parishes of Guimar\u00e3es: Moreira de C\u00f3negos, Gandarela, Guardizela and Pevid\u00e9m. The soils are granitic and clay-loam type.<\/div>\n\t\t\t\n\t\t\t\n\t\t<\/div>\n\t\t\n\t\t[\/vc_column_inner][vc_column_inner width=&#8221;1\/3&#8243;][vc_single_image image=&#8221;278&#8243; alignment=&#8221;right&#8221; css_animation=&#8221;fadeIn&#8221; el_class=&#8221;news-image-right&#8221; parallax_scroll=&#8221;no&#8221;][\/vc_column_inner][\/vc_row_inner][vc_row_inner row_reverse_mobile=&#8221;0&#8243; row_reverse_tablet=&#8221;0&#8243; el_class=&#8221;section-who-are-you-bg&#8221;][vc_column_inner width=&#8221;1\/2&#8243;]\n\t\t<div id=\"wd-60f6badd90880\" class=\"title-wrapper wd-wpb set-mb-s reset-last-child  wd-rs-60f6badd90880 wd-title-color-default wd-title-style-default text-left wd-off-anim wpb_animate_when_almost_visible wpb_fadeInLeft fadeInLeft wd-anim-name_fadeInLeft presentation-wrapper  wd-underline-colored\">\n\t\t\t\n\t\t\t<div class=\"liner-continer\">\n\t\t\t\t<h4 class=\"woodmart-title-container title  wd-font-weight-400 wd-fontsize-l\" >Rigorous selection of varieties<\/h4>\n\t\t\t\t\t\t\t<\/div>\n\t\t\t\n\t\t\t\t\t\t\t<div class=\"title-after_title  set-cont-mb-s reset-last-child  wd-fontsize-xs\">Regarding the planted varieties, we selected the typical ones from the region, such as Alvarinho, Arinto, Loureiro and Trajadura in the whites, as well as the reds Espadeiro and Vinh\u00e3o. We also added Maria Gomes which, although not being native to the vinhos verdes region, has exceptionally adapted to our terroir.<\/div>\n\t\t\t\n\t\t\t\n\t\t<\/div>\n\t\t\n\t\t[\/vc_column_inner][vc_column_inner width=&#8221;1\/2&#8243;][vc_single_image image=&#8221;389&#8243; img_size=&#8221;447&#215;693&#8243; css_animation=&#8221;wd-slide-from-right&#8221; parallax_scroll=&#8221;no&#8221;][\/vc_column_inner][\/vc_row_inner][vc_row_inner][vc_column_inner][vc_single_image image=&#8221;276&#8243; alignment=&#8221;center&#8221; css_animation=&#8221;fadeIn&#8221; el_class=&#8221;news-image-right&#8221; parallax_scroll=&#8221;no&#8221;][\/vc_column_inner][\/vc_row_inner][\/vc_column][\/vc_row][\/vc_section][vc_section full_width=&#8221;stretch_row&#8221; full_height=&#8221;yes&#8221; css_animation=&#8221;fadeIn&#8221; el_class=&#8221;section-full-width&#8221; css=&#8221;.vc_custom_1623929708438{background-image: url(https:\/\/quintasaogiao.pt\/wp-content\/uploads\/2021\/06\/novo2-min.jpg?id=705) !important;background-position: center !important;background-repeat: no-repeat !important;background-size: cover !important;}&#8221; mobile_bg_img_hidden=&#8221;no&#8221; tablet_bg_img_hidden=&#8221;no&#8221; woodmart_parallax=&#8221;0&#8243; woodmart_gradient_switch=&#8221;no&#8221; woodmart_disable_overflow=&#8221;0&#8243;][\/vc_section][vc_section el_class=&#8221;section-who-are-you&#8221; mobile_bg_img_hidden=&#8221;no&#8221; tablet_bg_img_hidden=&#8221;no&#8221; woodmart_parallax=&#8221;0&#8243; woodmart_gradient_switch=&#8221;no&#8221; woodmart_disable_overflow=&#8221;0&#8243;][vc_row][vc_column width=&#8221;1\/6&#8243;][\/vc_column][vc_column width=&#8221;2\/3&#8243;]\n\t\t<div id=\"wd-60f6bbe74022f\" class=\"title-wrapper wd-wpb set-mb-s reset-last-child  wd-rs-60f6bbe74022f wd-title-color-default wd-title-style-default text-center wd-off-anim wpb_animate_when_almost_visible wpb_wd-slide-from-top wd-slide-from-top wd-anim-name_wd-slide-from-top presentation-wrapper  wd-underline-colored\">\n\t\t\t\n\t\t\t<div class=\"liner-continer\">\n\t\t\t\t<h4 class=\"woodmart-title-container title  wd-font-weight-400 wd-fontsize-l\" >A combination in the pursuit of perfection<\/h4>\n\t\t\t\t\t\t\t<\/div>\n\t\t\t\n\t\t\t\t\t\t\t<div class=\"title-after_title  set-cont-mb-s reset-last-child  wd-fontsize-xs\">At Quinta S\u00e3o Gi\u00e3o, we work on the production of high quality grapes in order to express that same quality in our wines. Our viticulture and winemaking philosophy combined with the region's natural conditions allow the creation of wines full of elegance, freshness and character.<\/div>\n\t\t\t\n\t\t\t\n\t\t<\/div>\n\t\t\n\t\t[\/vc_column][vc_column width=&#8221;1\/6&#8243;][\/vc_column][\/vc_row][vc_row][vc_column width=&#8221;1\/4&#8243;]\t\t\t<div class=\"woodmart-counter wd-wpb  wd-rs-60f6bc60988f5 counter-extra-large text-center color-scheme-custom wd-off-anim wpb_animate_when_almost_visible wpb_fadeIn fadeIn wd-anim-name_fadeIn \" id=\"wd-60f6bc60988f5\">\n\t\t\t\t<div class=\"counter-value wd-font-weight-600\" data-state=\"new\" data-final=\"4\">4<\/div>\n\t\t\t\t\t\t\t\t\t<div class=\"counter-label\">PARCELS<\/div>\n\t\t\t\t\t\t\t\t\t\t\t<\/div>\n\n\t\t[\/vc_column][vc_column width=&#8221;1\/4&#8243;]\t\t\t<div class=\"woodmart-counter wd-wpb  wd-rs-60f6bc74748fb counter-extra-large text-center color-scheme-custom wd-off-anim wpb_animate_when_almost_visible wpb_fadeIn fadeIn wd-anim-name_fadeIn \" id=\"wd-60f6bc74748fb\">\n\t\t\t\t<div class=\"counter-value wd-font-weight-600\" data-state=\"new\" data-final=\"40\">40<\/div>\n\t\t\t\t\t\t\t\t\t<div class=\"counter-label\">VINEYARD AREA (HA)<\/div>\n\t\t\t\t\t\t\t\t\t\t\t<\/div>\n\n\t\t[\/vc_column][vc_column width=&#8221;1\/4&#8243;]\t\t\t<div class=\"woodmart-counter wd-wpb  wd-rs-60f6bc8bd9bcf counter-extra-large text-center color-scheme-custom wd-off-anim wpb_animate_when_almost_visible wpb_fadeIn fadeIn wd-anim-name_fadeIn \" id=\"wd-60f6bc8bd9bcf\">\n\t\t\t\t<div class=\"counter-value wd-font-weight-600\" data-state=\"new\" data-final=\"10\">10<\/div>\n\t\t\t\t\t\t\t\t\t<div class=\"counter-label\">VARIETIES<\/div>\n\t\t\t\t\t\t\t\t\t\t\t<\/div>\n\n\t\t[\/vc_column][vc_column width=&#8221;1\/4&#8243;]\t\t\t<div class=\"woodmart-counter wd-wpb  wd-rs-60f6bc9671a7c counter-extra-large text-center color-scheme-custom wd-off-anim wpb_animate_when_almost_visible wpb_fadeIn fadeIn wd-anim-name_fadeIn \" id=\"wd-60f6bc9671a7c\">\n\t\t\t\t<div class=\"counter-value wd-font-weight-600\" data-state=\"new\" data-final=\"7\">7<\/div>\n\t\t\t\t\t\t\t\t\t<div class=\"counter-label\">WINES<\/div>\n\t\t\t\t\t\t\t\t\t\t\t<\/div>\n\n\t\t[\/vc_column][\/vc_row][vc_row][vc_column width=&#8221;1\/6&#8243;][\/vc_column][vc_column width=&#8221;2\/3&#8243;]\t\t<div id=\"gallery_734\" class=\"wd-images-gallery wd-justify-center wd-items-middle view-carousel wd-off-anim wpb_animate_when_almost_visible wpb_zoomIn zoomIn wd-anim-name_zoomIn photoswipe-images wd-carousel-spacing-0 wd-carousel-container\" data-owl-carousel data-wrap=\"yes\" data-autoplay=\"yes\" data-hide_pagination_control=\"no\" data-hide_prev_next_buttons=\"no\" data-scroll_per_page=\"no\" data-center_mode=\"yes\" data-desktop=\"1\" data-tablet=\"1\" data-tablet_landscape=\"1\" data-mobile=\"1\">\n\t\t\t<div class=\"gallery-images owl-carousel owl-items-lg-1 owl-items-md-1 owl-items-sm-1 owl-items-xs-1\">\n\t\t\t\t\t\t\t\t\t\t\t\t\t\t\t<div class=\"wd-gallery-item\">\n\t\t\t\t\t\t\t\t\t\t\t\t\t\t<a href=\"https:\/\/quintasaogiao.pt\/wp-content\/uploads\/2021\/03\/terroir_small-min.jpg\" data-elementor-open-lightbox=\"no\" data-index=\"1\" data-width=\"1280\" data-height=\"920\"  >\n\t\t\t\t\t\t\t\t\n\t\t\t\t\t\t\t\t\t\t\t\t\t\t\t\t\t<img loading=\"lazy\" decoding=\"async\" class=\"wd-gallery-image image-1 \" src=\"https:\/\/quintasaogiao.pt\/wp-content\/uploads\/2021\/03\/terroir_small-min.jpg\" width=\"1280\" height=\"920\" alt=\"terroir_small-min\" title=\"terroir_small-min\" \/>\t\t\t\t\t\t\t\t\n\n\t\t\t\t\t\t\t\t\t\t\t\t\t\t\t<\/a>\n\t\t\t\t\t\t\t\t\t\t\t\t<\/div>\n\t\t\t\t\t\t\t\t\t\t\t<div class=\"wd-gallery-item\">\n\t\t\t\t\t\t\t\t\t\t\t\t\t\t<a href=\"https:\/\/quintasaogiao.pt\/wp-content\/uploads\/2021\/06\/terroir_nova1-min.jpg\" data-elementor-open-lightbox=\"no\" data-index=\"2\" data-width=\"1280\" data-height=\"920\"  >\n\t\t\t\t\t\t\t\t\n\t\t\t\t\t\t\t\t\t\t\t\t\t\t\t\t\t<img loading=\"lazy\" decoding=\"async\" class=\"wd-gallery-image image-2 \" src=\"https:\/\/quintasaogiao.pt\/wp-content\/uploads\/2021\/06\/terroir_nova1-min.jpg\" width=\"1280\" height=\"920\" alt=\"terroir_nova1-min\" title=\"terroir_nova1-min\" \/>\t\t\t\t\t\t\t\t\n\n\t\t\t\t\t\t\t\t\t\t\t\t\t\t\t<\/a>\n\t\t\t\t\t\t\t\t\t\t\t\t<\/div>\n\t\t\t\t\t\t\t\t\t\t\t\t<\/div>\n\t\t<\/div>\n\t\t\t\t[\/vc_column][vc_column width=&#8221;1\/6&#8243;][\/vc_column][\/vc_row][\/vc_section][vc_section full_width=&#8221;stretch_row&#8221; full_height=&#8221;yes&#8221; css_animation=&#8221;fadeIn&#8221; css=&#8221;.vc_custom_1617630987381{padding-bottom: 0px !important;background-image: url(https:\/\/quintasaogiao.pt\/wp-content\/uploads\/2021\/03\/quem_nova2-min.jpg?id=446) !important;background-position: center !important;background-repeat: no-repeat !important;background-size: cover !important;}&#8221; mobile_bg_img_hidden=&#8221;no&#8221; tablet_bg_img_hidden=&#8221;no&#8221; woodmart_parallax=&#8221;0&#8243; woodmart_gradient_switch=&#8221;no&#8221; woodmart_disable_overflow=&#8221;0&#8243; el_class=&#8221;section-full-width-bottom&#8221;][\/vc_section]<\/p>\n<\/section>","protected":false},"excerpt":{"rendered":"<p>[vc_section full_width=&#8221;stretch_row&#8221; content_placement=&#8221;middle&#8221; mobile_bg_img_hidden=&#8221;no&#8221; tablet_bg_img_hidden=&#8221;no&#8221; woodmart_parallax=&#8221;0&#8243; woodmart_gradient_switch=&#8221;no&#8221; woodmart_disable_overflow=&#8221;0&#8243; el_class=&#8221;section-hero&#8221;][vc_row full_width=&#8221;stretch_row&#8221; full_height=&#8221;yes&#8221; content_placement=&#8221;middle&#8221; css_animation=&#8221;none&#8221; css=&#8221;.vc_custom_1623625227466{background-image: url(https:\/\/quintasaogiao.pt\/wp-content\/uploads\/2021\/06\/terroir_nova2-min.jpg?id=699) !important;background-position: center !important;background-repeat: no-repeat !important;background-size:<\/p>\n","protected":false},"author":2,"featured_media":0,"parent":0,"menu_order":0,"comment_status":"closed","ping_status":"closed","template":"","meta":{"footnotes":""},"class_list":["post-792","page","type-page","status-publish","hentry"],"yoast_head":"<!-- This site is optimized with the Yoast SEO plugin v19.10 - https:\/\/yoast.com\/wordpress\/plugins\/seo\/ -->\n<title>Terroir - Quinta S\u00e3o Gi\u00e3o - Vinhos Verdes<\/title>\n<meta name=\"robots\" content=\"index, follow, max-snippet:-1, max-image-preview:large, max-video-preview:-1\" \/>\n<link rel=\"canonical\" href=\"https:\/\/quintasaogiao.pt\/en\/terroir\/\" \/>\n<meta property=\"og:locale\" content=\"en_US\" \/>\n<meta property=\"og:type\" content=\"article\" \/>\n<meta property=\"og:title\" content=\"Terroir - Quinta S\u00e3o Gi\u00e3o - Vinhos Verdes\" \/>\n<meta property=\"og:description\" content=\"[vc_section full_width=&#8221;stretch_row&#8221; content_placement=&#8221;middle&#8221; mobile_bg_img_hidden=&#8221;no&#8221; tablet_bg_img_hidden=&#8221;no&#8221; woodmart_parallax=&#8221;0&#8243; woodmart_gradient_switch=&#8221;no&#8221; woodmart_disable_overflow=&#8221;0&#8243; el_class=&#8221;section-hero&#8221;][vc_row full_width=&#8221;stretch_row&#8221; full_height=&#8221;yes&#8221; content_placement=&#8221;middle&#8221; css_animation=&#8221;none&#8221; css=&#8221;.vc_custom_1623625227466{background-image: url(https:\/\/quintasaogiao.pt\/wp-content\/uploads\/2021\/06\/terroir_nova2-min.jpg?id=699) !important;background-position: center !important;background-repeat: no-repeat !important;background-size:\" \/>\n<meta property=\"og:url\" content=\"https:\/\/quintasaogiao.pt\/en\/terroir\/\" \/>\n<meta property=\"og:site_name\" content=\"Quinta S\u00e3o Gi\u00e3o - Vinhos Verdes\" \/>\n<meta property=\"article:publisher\" content=\"https:\/\/www.facebook.com\/quintasaogiao\" \/>\n<meta property=\"article:modified_time\" content=\"2021-07-20T12:08:07+00:00\" \/>\n<meta name=\"twitter:card\" content=\"summary_large_image\" \/>\n<meta name=\"twitter:label1\" content=\"Est. reading time\" \/>\n\t<meta name=\"twitter:data1\" content=\"9 minutes\" \/>\n<script type=\"application\/ld+json\" class=\"yoast-schema-graph\">{\"@context\":\"https:\/\/schema.org\",\"@graph\":[{\"@type\":\"WebPage\",\"@id\":\"https:\/\/quintasaogiao.pt\/en\/terroir\/\",\"url\":\"https:\/\/quintasaogiao.pt\/en\/terroir\/\",\"name\":\"Terroir - Quinta S\u00e3o Gi\u00e3o - Vinhos Verdes\",\"isPartOf\":{\"@id\":\"https:\/\/quintasaogiao.pt\/en\/#website\"},\"datePublished\":\"2021-07-20T12:08:06+00:00\",\"dateModified\":\"2021-07-20T12:08:07+00:00\",\"breadcrumb\":{\"@id\":\"https:\/\/quintasaogiao.pt\/en\/terroir\/#breadcrumb\"},\"inLanguage\":\"en-US\",\"potentialAction\":[{\"@type\":\"ReadAction\",\"target\":[\"https:\/\/quintasaogiao.pt\/en\/terroir\/\"]}]},{\"@type\":\"BreadcrumbList\",\"@id\":\"https:\/\/quintasaogiao.pt\/en\/terroir\/#breadcrumb\",\"itemListElement\":[{\"@type\":\"ListItem\",\"position\":1,\"name\":\"In\u00edcio\",\"item\":\"https:\/\/quintasaogiao.pt\/en\/\"},{\"@type\":\"ListItem\",\"position\":2,\"name\":\"Terroir\"}]},{\"@type\":\"WebSite\",\"@id\":\"https:\/\/quintasaogiao.pt\/en\/#website\",\"url\":\"https:\/\/quintasaogiao.pt\/en\/\",\"name\":\"Quinta S\u00e3o Gi\u00e3o | Vinhos Verdes | Desde 1972\",\"description\":\"\",\"publisher\":{\"@id\":\"https:\/\/quintasaogiao.pt\/en\/#organization\"},\"potentialAction\":[{\"@type\":\"SearchAction\",\"target\":{\"@type\":\"EntryPoint\",\"urlTemplate\":\"https:\/\/quintasaogiao.pt\/en\/?s={search_term_string}\"},\"query-input\":\"required name=search_term_string\"}],\"inLanguage\":\"en-US\"},{\"@type\":\"Organization\",\"@id\":\"https:\/\/quintasaogiao.pt\/en\/#organization\",\"name\":\"Quinta S\u00e3o Gi\u00e3o | Vinhos Verdes | Desde 1972\",\"url\":\"https:\/\/quintasaogiao.pt\/en\/\",\"logo\":{\"@type\":\"ImageObject\",\"inLanguage\":\"en-US\",\"@id\":\"https:\/\/quintasaogiao.pt\/en\/#\/schema\/logo\/image\/\",\"url\":\"https:\/\/quintasaogiao.pt\/wp-content\/uploads\/2021\/02\/logo.svg\",\"contentUrl\":\"https:\/\/quintasaogiao.pt\/wp-content\/uploads\/2021\/02\/logo.svg\",\"width\":298,\"height\":192,\"caption\":\"Quinta S\u00e3o Gi\u00e3o | Vinhos Verdes | Desde 1972\"},\"image\":{\"@id\":\"https:\/\/quintasaogiao.pt\/en\/#\/schema\/logo\/image\/\"},\"sameAs\":[\"https:\/\/www.instagram.com\/quintasaogiao\/\",\"https:\/\/www.linkedin.com\/company\/quinta-sao-giao\",\"https:\/\/www.facebook.com\/quintasaogiao\"]}]}<\/script>\n<!-- \/ Yoast SEO plugin. -->","yoast_head_json":{"title":"Terroir - Quinta S\u00e3o Gi\u00e3o - Vinhos Verdes","robots":{"index":"index","follow":"follow","max-snippet":"max-snippet:-1","max-image-preview":"max-image-preview:large","max-video-preview":"max-video-preview:-1"},"canonical":"https:\/\/quintasaogiao.pt\/en\/terroir\/","og_locale":"en_US","og_type":"article","og_title":"Terroir - Quinta S\u00e3o Gi\u00e3o - Vinhos Verdes","og_description":"[vc_section full_width=&#8221;stretch_row&#8221; content_placement=&#8221;middle&#8221; mobile_bg_img_hidden=&#8221;no&#8221; tablet_bg_img_hidden=&#8221;no&#8221; woodmart_parallax=&#8221;0&#8243; woodmart_gradient_switch=&#8221;no&#8221; woodmart_disable_overflow=&#8221;0&#8243; el_class=&#8221;section-hero&#8221;][vc_row full_width=&#8221;stretch_row&#8221; full_height=&#8221;yes&#8221; content_placement=&#8221;middle&#8221; css_animation=&#8221;none&#8221; css=&#8221;.vc_custom_1623625227466{background-image: url(https:\/\/quintasaogiao.pt\/wp-content\/uploads\/2021\/06\/terroir_nova2-min.jpg?id=699) !important;background-position: center !important;background-repeat: no-repeat !important;background-size:","og_url":"https:\/\/quintasaogiao.pt\/en\/terroir\/","og_site_name":"Quinta S\u00e3o Gi\u00e3o - Vinhos Verdes","article_publisher":"https:\/\/www.facebook.com\/quintasaogiao","article_modified_time":"2021-07-20T12:08:07+00:00","twitter_card":"summary_large_image","twitter_misc":{"Est. reading time":"9 minutes"},"schema":{"@context":"https:\/\/schema.org","@graph":[{"@type":"WebPage","@id":"https:\/\/quintasaogiao.pt\/en\/terroir\/","url":"https:\/\/quintasaogiao.pt\/en\/terroir\/","name":"Terroir - Quinta S\u00e3o Gi\u00e3o - Vinhos Verdes","isPartOf":{"@id":"https:\/\/quintasaogiao.pt\/en\/#website"},"datePublished":"2021-07-20T12:08:06+00:00","dateModified":"2021-07-20T12:08:07+00:00","breadcrumb":{"@id":"https:\/\/quintasaogiao.pt\/en\/terroir\/#breadcrumb"},"inLanguage":"en-US","potentialAction":[{"@type":"ReadAction","target":["https:\/\/quintasaogiao.pt\/en\/terroir\/"]}]},{"@type":"BreadcrumbList","@id":"https:\/\/quintasaogiao.pt\/en\/terroir\/#breadcrumb","itemListElement":[{"@type":"ListItem","position":1,"name":"In\u00edcio","item":"https:\/\/quintasaogiao.pt\/en\/"},{"@type":"ListItem","position":2,"name":"Terroir"}]},{"@type":"WebSite","@id":"https:\/\/quintasaogiao.pt\/en\/#website","url":"https:\/\/quintasaogiao.pt\/en\/","name":"Quinta S\u00e3o Gi\u00e3o | Vinhos Verdes | Desde 1972","description":"","publisher":{"@id":"https:\/\/quintasaogiao.pt\/en\/#organization"},"potentialAction":[{"@type":"SearchAction","target":{"@type":"EntryPoint","urlTemplate":"https:\/\/quintasaogiao.pt\/en\/?s={search_term_string}"},"query-input":"required name=search_term_string"}],"inLanguage":"en-US"},{"@type":"Organization","@id":"https:\/\/quintasaogiao.pt\/en\/#organization","name":"Quinta S\u00e3o Gi\u00e3o | Vinhos Verdes | Desde 1972","url":"https:\/\/quintasaogiao.pt\/en\/","logo":{"@type":"ImageObject","inLanguage":"en-US","@id":"https:\/\/quintasaogiao.pt\/en\/#\/schema\/logo\/image\/","url":"https:\/\/quintasaogiao.pt\/wp-content\/uploads\/2021\/02\/logo.svg","contentUrl":"https:\/\/quintasaogiao.pt\/wp-content\/uploads\/2021\/02\/logo.svg","width":298,"height":192,"caption":"Quinta S\u00e3o Gi\u00e3o | Vinhos Verdes | Desde 1972"},"image":{"@id":"https:\/\/quintasaogiao.pt\/en\/#\/schema\/logo\/image\/"},"sameAs":["https:\/\/www.instagram.com\/quintasaogiao\/","https:\/\/www.linkedin.com\/company\/quinta-sao-giao","https:\/\/www.facebook.com\/quintasaogiao"]}]}},"_links":{"self":[{"href":"https:\/\/quintasaogiao.pt\/en\/wp-json\/wp\/v2\/pages\/792","targetHints":{"allow":["GET"]}}],"collection":[{"href":"https:\/\/quintasaogiao.pt\/en\/wp-json\/wp\/v2\/pages"}],"about":[{"href":"https:\/\/quintasaogiao.pt\/en\/wp-json\/wp\/v2\/types\/page"}],"author":[{"embeddable":true,"href":"https:\/\/quintasaogiao.pt\/en\/wp-json\/wp\/v2\/users\/2"}],"replies":[{"embeddable":true,"href":"https:\/\/quintasaogiao.pt\/en\/wp-json\/wp\/v2\/comments?post=792"}],"version-history":[{"count":3,"href":"https:\/\/quintasaogiao.pt\/en\/wp-json\/wp\/v2\/pages\/792\/revisions"}],"predecessor-version":[{"id":795,"href":"https:\/\/quintasaogiao.pt\/en\/wp-json\/wp\/v2\/pages\/792\/revisions\/795"}],"wp:attachment":[{"href":"https:\/\/quintasaogiao.pt\/en\/wp-json\/wp\/v2\/media?parent=792"}],"curies":[{"name":"wp","href":"https:\/\/api.w.org\/{rel}","templated":true}]}}